{"id":147,"date":"2019-10-13T10:27:33","date_gmt":"2019-10-13T08:27:33","guid":{"rendered":"https:\/\/buaphai-thaimassage.de\/?page_id=147"},"modified":"2024-12-12T19:59:27","modified_gmt":"2024-12-12T18:59:27","slug":"massage-preise","status":"publish","type":"page","link":"https:\/\/buaphai-thaimassage.de\/index.php\/massage-preise\/","title":{"rendered":"Massage &amp; Preise"},"content":{"rendered":"\n<p><\/p>\n\n\n\n<h2 class=\"wp-block-heading\">R\u00fcckenmassage<\/h2>\n\n\n\n<p>Meine R\u00fcckenmassage inklusive Kopf und Schultern wirkt harmonisierend auf den gesamten K\u00f6rper und den Geist.<br>\nIhr K\u00f6rper wird besser durchblutet und Ihre Muskeln werden gelockert. Genie\u00dfen Sie ein unbeschreiblich entspanntes und wohliges Gef\u00fchl.<\/p>\n\n\n\n<figure class=\"wp-block-table is-style-stripes\"><table><tbody><tr><td>Behandlungsdauer<\/td><td>30 Min.<\/td><td>30 Euro<\/td><\/tr><tr><td><\/td><td>45 Min.<\/td><td>45 Euro<\/td><\/tr><tr><td><\/td><td>60 Min.<\/td><td>55 Euro<\/td><\/tr><\/tbody><\/table><\/figure>\n\n\n\n<h2 class=\"wp-block-heading\">Fu\u00dfreflexzonenmassage<\/h2>\n\n\n\n<p>Die Fu\u00dfreflexzonenmassage geht in ihren Urspr\u00fcngen auf die traditionelle chinesische Fu\u00dfreflexzonenbehandlung zur\u00fcck. Diese Massage widmet sich ganz besonders Ihren Waden und F\u00fc\u00dfen.<br>\nMit speziellen \u00d6len werden diese gelockert und die Reflexzonen stimuliert. Schwere Beine f\u00fchlen sich danach gleich viel angenehmer an.<\/p>\n\n\n\n<figure class=\"wp-block-table is-style-stripes\"><table><tbody><tr><td>Behandlungsdauer<\/td><td>45 Min.<\/td><td>45 Euro<\/td><\/tr><tr><td><\/td><td>60 Min.<\/td><td>55 Euro<\/td><\/tr><tr><td><\/td><td>90 Min.<\/td><td>80 Euro<\/td><\/tr><\/tbody><\/table><\/figure>\n\n\n\n<h2 class=\"wp-block-heading\">Akupressur-Ganzk\u00f6rper I<\/h2>\n\n\n\n<p>Diese traditionelle Thaimassage ohne \u00d6l setzt sich zusammen aus sanfter Akupressur, leichten Dehn- und Streck\u00fcbungen und der Stimulierung der Energielinien des K\u00f6rpers.<br>\nEin einmaliges Massage-Erlebnis, das Ihnen Energie und Kraft zur\u00fcckgibt.<\/p>\n\n\n\n<figure class=\"wp-block-table is-style-stripes\"><table><tbody><tr><td>Behandlungsdauer<\/td><td>60 Min.<\/td><td>55 Euro<\/td><\/tr><tr><td><\/td><td>90 Min.<\/td><td>80 Euro<\/td><\/tr><tr><td><\/td><td>120 Min.<\/td><td>105 Euro<\/td><\/tr><\/tbody><\/table><\/figure>\n\n\n\n<h2 class=\"wp-block-heading\">Akupressur-Ganzk\u00f6rper II<\/h2>\n\n\n\n<p>Die Ganzk\u00f6rper-Akupressurmassage mit \u00d6l wirkt sehr wohltuend bei Verh\u00e4rtungen und Schmerzen der Muskulatur.<br>\nMit besonders wirksamen Streich- und Drucktechniken wird die Blutzirkulation im gesamten K\u00f6rper stimuliert.<br>\nAuch Fl\u00fcssigkeitsansammlungen im Bindegewebe k\u00f6nnen mit dieser Massage reduziert werden.<\/p>\n\n\n\n<figure class=\"wp-block-table is-style-stripes\"><table><tbody><tr><td>Behandlungsdauer<\/td><td>60 Min.<\/td><td>55 Euro<\/td><\/tr><tr><td><\/td><td>90 Min.<\/td><td>80 Euro<\/td><\/tr><tr><td><\/td><td>120 Min.<\/td><td>105 Euro<\/td><\/tr><\/tbody><\/table><\/figure>\n\n\n\n<h2 class=\"wp-block-heading\">Kr\u00e4uter-Stempel-Massage<\/h2>\n\n\n\n<p>W\u00e4rme, Duft und die Wirkstoffe von Pflanzen und Kr\u00e4utern sind das Wohlf\u00fchlgeheimnis dieser Massage.<br>\nDie im Dampf erhitzten Kr\u00e4uterstempel helfen, Ihre Selbstheilungskr\u00e4fte zu aktivieren, die Durchblutung anzuregen und die Feuchtigkeitsdepots Ihrer Haut aufzuf\u00fcllen.<\/p>\n\n\n\n<figure class=\"wp-block-table is-style-stripes\"><table><tbody><tr><td>Behandlungsdauer<\/td><td>60 Min.<\/td><td>70 Euro<\/td><\/tr><tr><td><\/td><td>90 Min.<\/td><td>95 Euro<\/td><\/tr><tr><td><\/td><td>120 Min.<\/td><td>120 Euro<\/td><\/tr><\/tbody><\/table><\/figure>\n\n\n\n<h2 class=\"wp-block-heading\">Hot Stone Massage<\/h2>\n\n\n\n<p>Diese wohltuende Hot Stone Massage mit hei\u00dfen, glatten Lavasteinen und warmen, \u00e4therischen \u00d6len entlang der Energielinien Ihres K\u00f6rpers l\u00e4sst Sie den Alltag sofort vergessen.<br>\nNeben der Stimulierung der Energiepunkte wird auch der gesamte \u00fcbrige K\u00f6rper mit warmem, duftendem \u00d6l eingerieben und massiert.<\/p>\n\n\n\n<figure class=\"wp-block-table is-style-stripes\"><table><tbody><tr><td>Behandlungsdauer<\/td><td>60 Min.<\/td><td>70 Euro<\/td><\/tr><tr><td><\/td><td>90 Min.<\/td><td>95 Euro<\/td><\/tr><tr><td><\/td><td>120 Min.<\/td><td>120 Euro<\/td><\/tr><\/tbody><\/table><\/figure>\n\n\n\n<h3 class=\"wp-block-heading\">Zwei Hinweise m\u00f6chte ich Ihnen gerne noch geben:<\/h3>\n\n\n\n<ul class=\"wp-block-list\">\n<li>Meine Dienstleistungen beinhalten ausdr\u00fccklich keine Erotikmassagen.<br><\/li>\n\n\n\n<li>Die von mir angebotenen Massagen dienen ausschlie\u00dflich zu Ihrer Entspannung und zu Ihrem Wohlbefinden. Es handelt sich nicht um medizinische Massagen.<br><\/li>\n<\/ul>\n","protected":false},"excerpt":{"rendered":"<p>R\u00fcckenmassage Meine R\u00fcckenmassage inklusive Kopf und Schultern wirkt harmonisierend auf den gesamten K\u00f6rper und den Geist. Ihr K\u00f6rper wird besser durchblutet und Ihre Muskeln werden gelockert. Genie\u00dfen Sie ein unbeschreiblich entspanntes und wohliges Gef\u00fchl. Behandlungsdauer 30 Min. 30 Euro 45 Min. 45 Euro 60 Min. 55 Euro Fu\u00dfreflexzonenmassage Die Fu\u00dfreflexzonenmassage geht in ihren Urspr\u00fcngen auf &hellip; <\/p>\n<p class=\"link-more\"><a href=\"https:\/\/buaphai-thaimassage.de\/index.php\/massage-preise\/\" class=\"more-link\"><span class=\"screen-reader-text\">\u201eMassage &amp; Preise\u201c <\/span>weiterlesen<\/a><\/p>\n","protected":false},"author":8,"featured_media":143,"parent":0,"menu_order":0,"comment_status":"closed","ping_status":"closed","template":"","meta":{"_acf_changed":false,"footnotes":""},"class_list":["post-147","page","type-page","status-publish","has-post-thumbnail","hentry"],"acf":[],"_links":{"self":[{"href":"https:\/\/buaphai-thaimassage.de\/index.php\/wp-json\/wp\/v2\/pages\/147","targetHints":{"allow":["GET"]}}],"collection":[{"href":"https:\/\/buaphai-thaimassage.de\/index.php\/wp-json\/wp\/v2\/pages"}],"about":[{"href":"https:\/\/buaphai-thaimassage.de\/index.php\/wp-json\/wp\/v2\/types\/page"}],"author":[{"embeddable":true,"href":"https:\/\/buaphai-thaimassage.de\/index.php\/wp-json\/wp\/v2\/users\/8"}],"replies":[{"embeddable":true,"href":"https:\/\/buaphai-thaimassage.de\/index.php\/wp-json\/wp\/v2\/comments?post=147"}],"version-history":[{"count":15,"href":"https:\/\/buaphai-thaimassage.de\/index.php\/wp-json\/wp\/v2\/pages\/147\/revisions"}],"predecessor-version":[{"id":255,"href":"https:\/\/buaphai-thaimassage.de\/index.php\/wp-json\/wp\/v2\/pages\/147\/revisions\/255"}],"wp:featuredmedia":[{"embeddable":true,"href":"https:\/\/buaphai-thaimassage.de\/index.php\/wp-json\/wp\/v2\/media\/143"}],"wp:attachment":[{"href":"https:\/\/buaphai-thaimassage.de\/index.php\/wp-json\/wp\/v2\/media?parent=147"}],"curies":[{"name":"wp","href":"https:\/\/api.w.org\/{rel}","templated":true}]}}