{"id":17,"date":"2017-11-12T13:23:06","date_gmt":"2017-11-12T12:23:06","guid":{"rendered":"https:\/\/buaphai-thaimassage.de\/?page_id=17"},"modified":"2021-12-28T18:06:17","modified_gmt":"2021-12-28T17:06:17","slug":"startseite","status":"publish","type":"page","link":"https:\/\/buaphai-thaimassage.de\/","title":{"rendered":"Sawadee kha"},"content":{"rendered":"<p>Sehr geehrte Kundschaft,<\/p>\n<p>ich hei\u00dfe Sie herzlich Willkommen auf meiner Website!<\/p>\n<p>Nehmen Sie sich einmal nur Zeit f\u00fcr sich.<br \/>Tauchen Sie ein in die Welt der fern\u00f6stlichen Massage, lassen Sie die Seele baumeln und genie\u00dfen Sie die besondere Kombination aus Duft, Ber\u00fchrung und Entspannung.<\/p>\n<p>Habe ich Ihr Interesse geweckt? Dann freue ich mich \u00fcber Ihren <a href=\"https:\/\/buaphai-thaimassage.de\/index.php\/kontakt\/\">Anruf<\/a>!<\/p>\n<p>Herzlichst<br \/>Ihre P. Buaphai<\/p>\n\n\n<p><\/p>\n","protected":false},"excerpt":{"rendered":"<p>Sehr geehrte Kundschaft, ich hei\u00dfe Sie herzlich Willkommen auf meiner Website! Nehmen Sie sich einmal nur Zeit f\u00fcr sich.Tauchen Sie ein in die Welt der fern\u00f6stlichen Massage, lassen Sie die Seele baumeln und genie\u00dfen Sie die besondere Kombination aus Duft, Ber\u00fchrung und Entspannung. Habe ich Ihr Interesse geweckt? Dann freue ich mich \u00fcber Ihren Anruf! &hellip; <\/p>\n<p class=\"link-more\"><a href=\"https:\/\/buaphai-thaimassage.de\/\" class=\"more-link\"><span class=\"screen-reader-text\">\u201eSawadee kha\u201c <\/span>weiterlesen<\/a><\/p>\n","protected":false},"author":8,"featured_media":0,"parent":0,"menu_order":0,"comment_status":"closed","ping_status":"closed","template":"","meta":{"_acf_changed":false,"footnotes":""},"class_list":["post-17","page","type-page","status-publish","hentry"],"acf":[],"_links":{"self":[{"href":"https:\/\/buaphai-thaimassage.de\/index.php\/wp-json\/wp\/v2\/pages\/17","targetHints":{"allow":["GET"]}}],"collection":[{"href":"https:\/\/buaphai-thaimassage.de\/index.php\/wp-json\/wp\/v2\/pages"}],"about":[{"href":"https:\/\/buaphai-thaimassage.de\/index.php\/wp-json\/wp\/v2\/types\/page"}],"author":[{"embeddable":true,"href":"https:\/\/buaphai-thaimassage.de\/index.php\/wp-json\/wp\/v2\/users\/8"}],"replies":[{"embeddable":true,"href":"https:\/\/buaphai-thaimassage.de\/index.php\/wp-json\/wp\/v2\/comments?post=17"}],"version-history":[{"count":14,"href":"https:\/\/buaphai-thaimassage.de\/index.php\/wp-json\/wp\/v2\/pages\/17\/revisions"}],"predecessor-version":[{"id":230,"href":"https:\/\/buaphai-thaimassage.de\/index.php\/wp-json\/wp\/v2\/pages\/17\/revisions\/230"}],"wp:attachment":[{"href":"https:\/\/buaphai-thaimassage.de\/index.php\/wp-json\/wp\/v2\/media?parent=17"}],"curies":[{"name":"wp","href":"https:\/\/api.w.org\/{rel}","templated":true}]}}