{"id":201,"date":"2021-12-17T18:19:53","date_gmt":"2021-12-17T17:19:53","guid":{"rendered":"https:\/\/buaphai-thaimassage.de\/?page_id=201"},"modified":"2021-12-17T18:25:43","modified_gmt":"2021-12-17T17:25:43","slug":"gutscheine","status":"publish","type":"page","link":"https:\/\/buaphai-thaimassage.de\/index.php\/gutscheine\/","title":{"rendered":"Gutscheine"},"content":{"rendered":"\n<p>M\u00f6chten Sie jemand etwas Gutes tun?<br>M\u00f6chten Sie einen lieben Menschen auch in den Genuss einer fern\u00f6stlichen Massage kommen lassen?<br>Dann beschenken Sie ihn ganz einfach mit einem Gutschein.<\/p>\n\n\n\n<p>Sie k\u00f6nnen frei w\u00e4hlen, ob Sie eine bestimmte <a href=\"https:\/\/buaphai-thaimassage.de\/index.php\/massage-preise\/\" data-type=\"page\" data-id=\"147\">Massage<\/a> oder einen festen Betrag verschenken m\u00f6chten.<\/p>\n\n\n\n<p>Sie sind sich unsicher?<br>Kein Problem! Gerne berate ich Sie bei der Wahl der Massage.<\/p>\n\n\n\n<p>Ich freue mich auf Ihren <a href=\"https:\/\/buaphai-thaimassage.de\/index.php\/kontakt\/\" data-type=\"page\" data-id=\"19\">Anruf<\/a>!<\/p>\n","protected":false},"excerpt":{"rendered":"<p>M\u00f6chten Sie jemand etwas Gutes tun?M\u00f6chten Sie einen lieben Menschen auch in den Genuss einer fern\u00f6stlichen Massage kommen lassen?Dann beschenken Sie ihn ganz einfach mit einem Gutschein. Sie k\u00f6nnen frei w\u00e4hlen, ob Sie eine bestimmte Massage oder einen festen Betrag verschenken m\u00f6chten. Sie sind sich unsicher?Kein Problem! Gerne berate ich Sie bei der Wahl der &hellip; <\/p>\n<p class=\"link-more\"><a href=\"https:\/\/buaphai-thaimassage.de\/index.php\/gutscheine\/\" class=\"more-link\"><span class=\"screen-reader-text\">\u201eGutscheine\u201c <\/span>weiterlesen<\/a><\/p>\n","protected":false},"author":8,"featured_media":204,"parent":0,"menu_order":0,"comment_status":"closed","ping_status":"closed","template":"","meta":{"_acf_changed":false,"footnotes":""},"class_list":["post-201","page","type-page","status-publish","has-post-thumbnail","hentry"],"acf":[],"_links":{"self":[{"href":"https:\/\/buaphai-thaimassage.de\/index.php\/wp-json\/wp\/v2\/pages\/201","targetHints":{"allow":["GET"]}}],"collection":[{"href":"https:\/\/buaphai-thaimassage.de\/index.php\/wp-json\/wp\/v2\/pages"}],"about":[{"href":"https:\/\/buaphai-thaimassage.de\/index.php\/wp-json\/wp\/v2\/types\/page"}],"author":[{"embeddable":true,"href":"https:\/\/buaphai-thaimassage.de\/index.php\/wp-json\/wp\/v2\/users\/8"}],"replies":[{"embeddable":true,"href":"https:\/\/buaphai-thaimassage.de\/index.php\/wp-json\/wp\/v2\/comments?post=201"}],"version-history":[{"count":6,"href":"https:\/\/buaphai-thaimassage.de\/index.php\/wp-json\/wp\/v2\/pages\/201\/revisions"}],"predecessor-version":[{"id":211,"href":"https:\/\/buaphai-thaimassage.de\/index.php\/wp-json\/wp\/v2\/pages\/201\/revisions\/211"}],"wp:featuredmedia":[{"embeddable":true,"href":"https:\/\/buaphai-thaimassage.de\/index.php\/wp-json\/wp\/v2\/media\/204"}],"wp:attachment":[{"href":"https:\/\/buaphai-thaimassage.de\/index.php\/wp-json\/wp\/v2\/media?parent=201"}],"curies":[{"name":"wp","href":"https:\/\/api.w.org\/{rel}","templated":true}]}}